{"id":169,"date":"2025-09-02T01:56:26","date_gmt":"2025-09-01T23:56:26","guid":{"rendered":"https:\/\/fsempanama.com\/?page_id=169"},"modified":"2025-09-19T03:03:46","modified_gmt":"2025-09-19T01:03:46","slug":"quienes-somos","status":"publish","type":"page","link":"https:\/\/fsempanama.com\/index.php\/quienes-somos\/","title":{"rendered":"Quienes Somos"},"content":{"rendered":"\t\t<div data-elementor-type=\"wp-page\" data-elementor-id=\"169\" class=\"elementor elementor-169\" data-elementor-post-type=\"page\">\n\t\t\t\t\t\t<section class=\"elementor-section elementor-top-section elementor-element elementor-element-3dba07a2 elementor-section-height-min-height elementor-section-boxed elementor-section-height-default elementor-section-items-middle\" data-id=\"3dba07a2\" data-element_type=\"section\" data-settings=\"{&quot;background_background&quot;:&quot;classic&quot;,&quot;shape_divider_bottom&quot;:&quot;split&quot;,&quot;shape_divider_bottom_negative&quot;:&quot;yes&quot;}\">\n\t\t\t\t\t\t\t<div class=\"elementor-background-overlay\"><\/div>\n\t\t\t\t\t\t<div class=\"elementor-shape elementor-shape-bottom\" aria-hidden=\"true\" data-negative=\"true\">\n\t\t\t<svg xmlns=\"http:\/\/www.w3.org\/2000\/svg\" viewBox=\"0 0 1000 20\" preserveAspectRatio=\"none\">\n\t<path class=\"elementor-shape-fill\" d=\"M519.8,0.2c-11,0-19.8,8.5-19.8,19c0-10.4-8.8-19-19.8-19L0,0v20h1000V0.2H519.8z\"\/>\n<\/svg>\t\t<\/div>\n\t\t\t\t\t<div class=\"elementor-container elementor-column-gap-wider\">\n\t\t\t\t\t<div class=\"elementor-column elementor-col-100 elementor-top-column elementor-element elementor-element-a5dac5d\" data-id=\"a5dac5d\" data-element_type=\"column\">\n\t\t\t<div class=\"elementor-widget-wrap\">\n\t\t\t\t\t\t\t<\/div>\n\t\t<\/div>\n\t\t\t\t\t<\/div>\n\t\t<\/section>\n\t\t\t\t<section class=\"elementor-section elementor-top-section elementor-element elementor-element-2eca8e63 elementor-section-content-middle elementor-reverse-tablet elementor-reverse-mobile elementor-section-boxed elementor-section-height-default elementor-section-height-default\" data-id=\"2eca8e63\" data-element_type=\"section\" data-settings=\"{&quot;background_background&quot;:&quot;classic&quot;}\">\n\t\t\t\t\t\t<div class=\"elementor-container elementor-column-gap-wider\">\n\t\t\t\t\t<div class=\"elementor-column elementor-col-33 elementor-top-column elementor-element elementor-element-63a4dfaf\" data-id=\"63a4dfaf\" data-element_type=\"column\">\n\t\t\t<div class=\"elementor-widget-wrap elementor-element-populated\">\n\t\t\t\t\t\t<div class=\"elementor-element elementor-element-62b4c2bf elementor-widget elementor-widget-image\" data-id=\"62b4c2bf\" data-element_type=\"widget\" data-widget_type=\"image.default\">\n\t\t\t\t\t\t\t\t\t\t\t\t\t\t\t<img fetchpriority=\"high\" decoding=\"async\" width=\"800\" height=\"1000\" src=\"https:\/\/fsempanama.com\/wp-content\/uploads\/2025\/09\/Diseno-sin-titulo-4-819x1024.png\" class=\"attachment-large size-large wp-image-187\" alt=\"\" srcset=\"https:\/\/fsempanama.com\/wp-content\/uploads\/2025\/09\/Diseno-sin-titulo-4-819x1024.png 819w, https:\/\/fsempanama.com\/wp-content\/uploads\/2025\/09\/Diseno-sin-titulo-4-240x300.png 240w, https:\/\/fsempanama.com\/wp-content\/uploads\/2025\/09\/Diseno-sin-titulo-4-768x960.png 768w, https:\/\/fsempanama.com\/wp-content\/uploads\/2025\/09\/Diseno-sin-titulo-4-1228x1536.png 1228w, https:\/\/fsempanama.com\/wp-content\/uploads\/2025\/09\/Diseno-sin-titulo-4.png 1350w\" sizes=\"(max-width: 800px) 100vw, 800px\" \/>\t\t\t\t\t\t\t\t\t\t\t\t\t\t\t<\/div>\n\t\t\t\t<section class=\"elementor-section elementor-inner-section elementor-element elementor-element-1049c263 elementor-section-boxed elementor-section-height-default elementor-section-height-default\" data-id=\"1049c263\" data-element_type=\"section\" data-settings=\"{&quot;background_background&quot;:&quot;classic&quot;}\">\n\t\t\t\t\t\t<div class=\"elementor-container elementor-column-gap-default\">\n\t\t\t\t\t<div class=\"elementor-column elementor-col-100 elementor-inner-column elementor-element elementor-element-684f8776\" data-id=\"684f8776\" data-element_type=\"column\">\n\t\t\t<div class=\"elementor-widget-wrap elementor-element-populated\">\n\t\t\t\t\t\t<div class=\"elementor-element elementor-element-5e427bdb elementor-widget elementor-widget-heading\" data-id=\"5e427bdb\" data-element_type=\"widget\" data-widget_type=\"heading.default\">\n\t\t\t\t\t<h3 class=\"elementor-heading-title elementor-size-default\">Para  Mayor Informaci\u00f3n <\/h3>\t\t\t\t<\/div>\n\t\t\t\t<div class=\"elementor-element elementor-element-53bf87a4 elementor-tablet-align-center elementor-icon-list--layout-traditional elementor-list-item-link-full_width elementor-widget elementor-widget-icon-list\" data-id=\"53bf87a4\" data-element_type=\"widget\" data-widget_type=\"icon-list.default\">\n\t\t\t\t\t\t\t<ul class=\"elementor-icon-list-items\">\n\t\t\t\t\t\t\t<li class=\"elementor-icon-list-item\">\n\t\t\t\t\t\t\t\t\t\t\t<span class=\"elementor-icon-list-icon\">\n\t\t\t\t\t\t\t<svg aria-hidden=\"true\" class=\"e-font-icon-svg e-fas-phone\" viewBox=\"0 0 512 512\" xmlns=\"http:\/\/www.w3.org\/2000\/svg\"><path d=\"M493.4 24.6l-104-24c-11.3-2.6-22.9 3.3-27.5 13.9l-48 112c-4.2 9.8-1.4 21.3 6.9 28l60.6 49.6c-36 76.7-98.9 140.5-177.2 177.2l-49.6-60.6c-6.8-8.3-18.2-11.1-28-6.9l-112 48C3.9 366.5-2 378.1.6 389.4l24 104C27.1 504.2 36.7 512 48 512c256.1 0 464-207.5 464-464 0-11.2-7.7-20.9-18.6-23.4z\"><\/path><\/svg>\t\t\t\t\t\t<\/span>\n\t\t\t\t\t\t\t\t\t\t<span class=\"elementor-icon-list-text\">Phone: +507-6304-0423<\/span>\n\t\t\t\t\t\t\t\t\t<\/li>\n\t\t\t\t\t\t\t\t<li class=\"elementor-icon-list-item\">\n\t\t\t\t\t\t\t\t\t\t\t<span class=\"elementor-icon-list-icon\">\n\t\t\t\t\t\t\t<svg aria-hidden=\"true\" class=\"e-font-icon-svg e-fas-check\" viewBox=\"0 0 512 512\" xmlns=\"http:\/\/www.w3.org\/2000\/svg\"><path d=\"M173.898 439.404l-166.4-166.4c-9.997-9.997-9.997-26.206 0-36.204l36.203-36.204c9.997-9.998 26.207-9.998 36.204 0L192 312.69 432.095 72.596c9.997-9.997 26.207-9.997 36.204 0l36.203 36.204c9.997 9.997 9.997 26.206 0 36.204l-294.4 294.401c-9.998 9.997-26.207 9.997-36.204-.001z\"><\/path><\/svg>\t\t\t\t\t\t<\/span>\n\t\t\t\t\t\t\t\t\t\t<span class=\"elementor-icon-list-text\">Correo: info@fsempanama.com<\/span>\n\t\t\t\t\t\t\t\t\t<\/li>\n\t\t\t\t\t\t<\/ul>\n\t\t\t\t\t\t<\/div>\n\t\t\t\t\t<\/div>\n\t\t<\/div>\n\t\t\t\t\t<\/div>\n\t\t<\/section>\n\t\t\t\t\t<\/div>\n\t\t<\/div>\n\t\t\t\t<div class=\"elementor-column elementor-col-66 elementor-top-column elementor-element elementor-element-3ef9a219\" data-id=\"3ef9a219\" data-element_type=\"column\">\n\t\t\t<div class=\"elementor-widget-wrap elementor-element-populated\">\n\t\t\t\t\t\t<div class=\"elementor-element elementor-element-182c69a8 elementor-widget elementor-widget-text-editor\" data-id=\"182c69a8\" data-element_type=\"widget\" data-widget_type=\"text-editor.default\">\n\t\t\t\t\t\t\t\t\t<p>\u00a0<\/p><p>\u00a0<\/p><p>\u00a0<\/p><p class=\"p1\"><i>Mi Salud Emocional <\/i>es una feria de bienestar integral dise\u00f1ada para promover la salud mental y emocional en la comunidad paname\u00f1a. Esta iniciativa nace del compromiso <b>\u00a0<\/b>con proyectos que generan impacto aut\u00e9ntico, fomentan el desarrollo humano y fortalecen los v\u00ednculos sociales desde una perspectiva emp\u00e1tica, educativa y transformadora.<\/p>\t\t\t\t\t\t\t\t<\/div>\n\t\t\t\t\t<\/div>\n\t\t<\/div>\n\t\t\t\t\t<\/div>\n\t\t<\/section>\n\t\t\t\t<section class=\"elementor-section elementor-top-section elementor-element elementor-element-1cd9f3e5 elementor-section-content-middle elementor-section-boxed elementor-section-height-default elementor-section-height-default\" data-id=\"1cd9f3e5\" data-element_type=\"section\" data-settings=\"{&quot;background_background&quot;:&quot;classic&quot;}\">\n\t\t\t\t\t\t<div class=\"elementor-container elementor-column-gap-wider\">\n\t\t\t\t\t<div class=\"elementor-column elementor-col-33 elementor-top-column elementor-element elementor-element-4b6c06fb\" data-id=\"4b6c06fb\" data-element_type=\"column\">\n\t\t\t<div class=\"elementor-widget-wrap elementor-element-populated\">\n\t\t\t\t\t\t<div class=\"elementor-element elementor-element-1e593415 elementor-widget elementor-widget-image\" data-id=\"1e593415\" data-element_type=\"widget\" data-widget_type=\"image.default\">\n\t\t\t\t\t\t\t\t\t\t\t\t\t\t\t<img decoding=\"async\" src=\"https:\/\/fsempanama.com\/wp-content\/uploads\/elementor\/thumbs\/3-rb50cal7cp5t8b3hffgs2ko1boq526izit2ifioods.png\" title=\"3\" alt=\"3\" loading=\"lazy\" \/>\t\t\t\t\t\t\t\t\t\t\t\t\t\t\t<\/div>\n\t\t\t\t<div class=\"elementor-element elementor-element-263f1ef8 elementor-view-stacked elementor-shape-circle elementor-widget elementor-widget-icon\" data-id=\"263f1ef8\" data-element_type=\"widget\" data-widget_type=\"icon.default\">\n\t\t\t\t\t\t\t<div class=\"elementor-icon-wrapper\">\n\t\t\t<div class=\"elementor-icon\">\n\t\t\t<svg aria-hidden=\"true\" class=\"e-font-icon-svg e-fas-heartbeat\" viewBox=\"0 0 512 512\" xmlns=\"http:\/\/www.w3.org\/2000\/svg\"><path d=\"M320.2 243.8l-49.7 99.4c-6 12.1-23.4 11.7-28.9-.6l-56.9-126.3-30 71.7H60.6l182.5 186.5c7.1 7.3 18.6 7.3 25.7 0L451.4 288H342.3l-22.1-44.2zM473.7 73.9l-2.4-2.5c-51.5-52.6-135.8-52.6-187.4 0L256 100l-27.9-28.5c-51.5-52.7-135.9-52.7-187.4 0l-2.4 2.4C-10.4 123.7-12.5 203 31 256h102.4l35.9-86.2c5.4-12.9 23.6-13.2 29.4-.4l58.2 129.3 49-97.9c5.9-11.8 22.7-11.8 28.6 0l27.6 55.2H481c43.5-53 41.4-132.3-7.3-182.1z\"><\/path><\/svg>\t\t\t<\/div>\n\t\t<\/div>\n\t\t\t\t\t\t<\/div>\n\t\t\t\t<div class=\"elementor-element elementor-element-4246a198 elementor-widget elementor-widget-icon-box\" data-id=\"4246a198\" data-element_type=\"widget\" data-widget_type=\"icon-box.default\">\n\t\t\t\t\t\t\t<div class=\"elementor-icon-box-wrapper\">\n\n\t\t\t\n\t\t\t\t\t\t<div class=\"elementor-icon-box-content\">\n\n\t\t\t\t\t\t\t\t\t<h3 class=\"elementor-icon-box-title\">\n\t\t\t\t\t\t<span  >\n\t\t\t\t\t\t\tNuestra Misi\u00f3n\t\t\t\t\t\t<\/span>\n\t\t\t\t\t<\/h3>\n\t\t\t\t\n\t\t\t\t\t\t\t\t\t<p class=\"elementor-icon-box-description\">\n\t\t\t\t\t\tCrear un espacio seguro, inclusivo y transformador donde las personas puedan explorar,\ncomprender y fortalecer su salud emocional y mental mediante actividades, recursos y profesionales\ncomprometidos con el bienestar integral.\t\t\t\t\t<\/p>\n\t\t\t\t\n\t\t\t<\/div>\n\t\t\t\n\t\t<\/div>\n\t\t\t\t\t\t<\/div>\n\t\t\t\t\t<\/div>\n\t\t<\/div>\n\t\t\t\t<div class=\"elementor-column elementor-col-33 elementor-top-column elementor-element elementor-element-20eea430\" data-id=\"20eea430\" data-element_type=\"column\">\n\t\t\t<div class=\"elementor-widget-wrap elementor-element-populated\">\n\t\t\t\t\t\t<div class=\"elementor-element elementor-element-6dd7bd1f elementor-widget elementor-widget-image\" data-id=\"6dd7bd1f\" data-element_type=\"widget\" data-widget_type=\"image.default\">\n\t\t\t\t\t\t\t\t\t\t\t\t\t\t\t<img decoding=\"async\" src=\"https:\/\/fsempanama.com\/wp-content\/uploads\/elementor\/thumbs\/2-rb50c5w0eizdm9ab6vfn83uqcrdazp0bu5t314vn8w.png\" title=\"2\" alt=\"2\" loading=\"lazy\" \/>\t\t\t\t\t\t\t\t\t\t\t\t\t\t\t<\/div>\n\t\t\t\t<div class=\"elementor-element elementor-element-7ea96ca2 elementor-view-stacked elementor-shape-circle elementor-widget elementor-widget-icon\" data-id=\"7ea96ca2\" data-element_type=\"widget\" data-widget_type=\"icon.default\">\n\t\t\t\t\t\t\t<div class=\"elementor-icon-wrapper\">\n\t\t\t<div class=\"elementor-icon\">\n\t\t\t<svg aria-hidden=\"true\" class=\"e-font-icon-svg e-fab-black-tie\" viewBox=\"0 0 448 512\" xmlns=\"http:\/\/www.w3.org\/2000\/svg\"><path d=\"M0 32v448h448V32H0zm316.5 325.2L224 445.9l-92.5-88.7 64.5-184-64.5-86.6h184.9L252 173.2l64.5 184z\"><\/path><\/svg>\t\t\t<\/div>\n\t\t<\/div>\n\t\t\t\t\t\t<\/div>\n\t\t\t\t<div class=\"elementor-element elementor-element-3cbf09bd elementor-widget elementor-widget-icon-box\" data-id=\"3cbf09bd\" data-element_type=\"widget\" data-widget_type=\"icon-box.default\">\n\t\t\t\t\t\t\t<div class=\"elementor-icon-box-wrapper\">\n\n\t\t\t\n\t\t\t\t\t\t<div class=\"elementor-icon-box-content\">\n\n\t\t\t\t\t\t\t\t\t<h3 class=\"elementor-icon-box-title\">\n\t\t\t\t\t\t<span  >\n\t\t\t\t\t\t\tNuestra Visi\u00f3n\t\t\t\t\t\t<\/span>\n\t\t\t\t\t<\/h3>\n\t\t\t\t\n\t\t\t\t\t\t\t\t\t<p class=\"elementor-icon-box-description\">\n\t\t\t\t\t\tSer la feria referente en Panam\u00e1 en el \u00e1mbito del bienestar emocional y mental, inspirando una cultura de\nsalud mental accesible, emp\u00e1tica y proactiva que impacte positivamente a individuos, familias y\ncomunidades.\t\t\t\t\t<\/p>\n\t\t\t\t\n\t\t\t<\/div>\n\t\t\t\n\t\t<\/div>\n\t\t\t\t\t\t<\/div>\n\t\t\t\t\t<\/div>\n\t\t<\/div>\n\t\t\t\t<div class=\"elementor-column elementor-col-33 elementor-top-column elementor-element elementor-element-6e7039fd\" data-id=\"6e7039fd\" data-element_type=\"column\">\n\t\t\t<div class=\"elementor-widget-wrap elementor-element-populated\">\n\t\t\t\t\t\t<div class=\"elementor-element elementor-element-2d4aa9e7 elementor-widget elementor-widget-image\" data-id=\"2d4aa9e7\" data-element_type=\"widget\" data-widget_type=\"image.default\">\n\t\t\t\t\t\t\t\t\t\t\t\t\t\t\t<img decoding=\"async\" src=\"https:\/\/fsempanama.com\/wp-content\/uploads\/elementor\/thumbs\/1-rb50bzb52oqdczjv9al98nii729qhta7h98oo75egg.png\" title=\"1\" alt=\"1\" loading=\"lazy\" \/>\t\t\t\t\t\t\t\t\t\t\t\t\t\t\t<\/div>\n\t\t\t\t<div class=\"elementor-element elementor-element-2630ee17 elementor-view-stacked elementor-shape-circle elementor-widget elementor-widget-icon\" data-id=\"2630ee17\" data-element_type=\"widget\" data-widget_type=\"icon.default\">\n\t\t\t\t\t\t\t<div class=\"elementor-icon-wrapper\">\n\t\t\t<div class=\"elementor-icon\">\n\t\t\t<svg aria-hidden=\"true\" class=\"e-font-icon-svg e-far-sun\" viewBox=\"0 0 512 512\" xmlns=\"http:\/\/www.w3.org\/2000\/svg\"><path d=\"M494.2 221.9l-59.8-40.5 13.7-71c2.6-13.2-1.6-26.8-11.1-36.4-9.6-9.5-23.2-13.7-36.2-11.1l-70.9 13.7-40.4-59.9c-15.1-22.3-51.9-22.3-67 0l-40.4 59.9-70.8-13.7C98 60.4 84.5 64.5 75 74.1c-9.5 9.6-13.7 23.1-11.1 36.3l13.7 71-59.8 40.5C6.6 229.5 0 242 0 255.5s6.7 26 17.8 33.5l59.8 40.5-13.7 71c-2.6 13.2 1.6 26.8 11.1 36.3 9.5 9.5 22.9 13.7 36.3 11.1l70.8-13.7 40.4 59.9C230 505.3 242.6 512 256 512s26-6.7 33.5-17.8l40.4-59.9 70.9 13.7c13.4 2.7 26.8-1.6 36.3-11.1 9.5-9.5 13.6-23.1 11.1-36.3l-13.7-71 59.8-40.5c11.1-7.5 17.8-20.1 17.8-33.5-.1-13.6-6.7-26.1-17.9-33.7zm-112.9 85.6l17.6 91.2-91-17.6L256 458l-51.9-77-90.9 17.6 17.6-91.2-76.8-52 76.8-52-17.6-91.2 91 17.6L256 53l51.9 76.9 91-17.6-17.6 91.1 76.8 52-76.8 52.1zM256 152c-57.3 0-104 46.7-104 104s46.7 104 104 104 104-46.7 104-104-46.7-104-104-104zm0 160c-30.9 0-56-25.1-56-56s25.1-56 56-56 56 25.1 56 56-25.1 56-56 56z\"><\/path><\/svg>\t\t\t<\/div>\n\t\t<\/div>\n\t\t\t\t\t\t<\/div>\n\t\t\t\t<div class=\"elementor-element elementor-element-46c63ec0 elementor-widget elementor-widget-icon-box\" data-id=\"46c63ec0\" data-element_type=\"widget\" data-widget_type=\"icon-box.default\">\n\t\t\t\t\t\t\t<div class=\"elementor-icon-box-wrapper\">\n\n\t\t\t\n\t\t\t\t\t\t<div class=\"elementor-icon-box-content\">\n\n\t\t\t\t\t\t\t\t\t<h3 class=\"elementor-icon-box-title\">\n\t\t\t\t\t\t<span  >\n\t\t\t\t\t\t\tNuestro Objetivos\t\t\t\t\t\t<\/span>\n\t\t\t\t\t<\/h3>\n\t\t\t\t\n\t\t\t\t\t\t\t\t\t<p class=\"elementor-icon-box-description\">\n\t\t\t\t\t\tPromover el bienestar emocional y mental de la comunidad a trav\u00e9s de experiencias educativas,\ninteractivas y terap\u00e9uticas que fomenten la conciencia, la prevenci\u00f3n y el autocuidado integral.\nMisi\u00f3n\t\t\t\t\t<\/p>\n\t\t\t\t\n\t\t\t<\/div>\n\t\t\t\n\t\t<\/div>\n\t\t\t\t\t\t<\/div>\n\t\t\t\t\t<\/div>\n\t\t<\/div>\n\t\t\t\t\t<\/div>\n\t\t<\/section>\n\t\t\t\t<section class=\"elementor-section elementor-top-section elementor-element elementor-element-f670cd3 elementor-section-height-min-height elementor-section-items-stretch elementor-reverse-mobile elementor-section-boxed elementor-section-height-default\" data-id=\"f670cd3\" data-element_type=\"section\" data-settings=\"{&quot;background_background&quot;:&quot;classic&quot;,&quot;shape_divider_top&quot;:&quot;split&quot;}\">\n\t\t\t\t\t\t\t<div class=\"elementor-background-overlay\"><\/div>\n\t\t\t\t\t\t<div class=\"elementor-shape elementor-shape-top\" aria-hidden=\"true\" data-negative=\"false\">\n\t\t\t<svg xmlns=\"http:\/\/www.w3.org\/2000\/svg\" viewBox=\"0 0 1000 20\" preserveAspectRatio=\"none\">\n\t<path class=\"elementor-shape-fill\" d=\"M0,0v3c0,0,393.8,0,483.4,0c9.2,0,16.6,7.4,16.6,16.6c0-9.1,7.4-16.6,16.6-16.6C606.2,3,1000,3,1000,3V0H0z\"\/>\n<\/svg>\t\t<\/div>\n\t\t\t\t\t<div class=\"elementor-container elementor-column-gap-wider\">\n\t\t\t\t\t<div class=\"elementor-column elementor-col-50 elementor-top-column elementor-element elementor-element-49cf0a22\" data-id=\"49cf0a22\" data-element_type=\"column\">\n\t\t\t<div class=\"elementor-widget-wrap\">\n\t\t\t\t\t\t\t<\/div>\n\t\t<\/div>\n\t\t\t\t<div class=\"elementor-column elementor-col-50 elementor-top-column elementor-element elementor-element-77964481\" data-id=\"77964481\" data-element_type=\"column\">\n\t\t\t<div class=\"elementor-widget-wrap elementor-element-populated\">\n\t\t\t\t\t\t<div class=\"elementor-element elementor-element-6f617c86 elementor-widget elementor-widget-testimonial\" data-id=\"6f617c86\" data-element_type=\"widget\" data-widget_type=\"testimonial.default\">\n\t\t\t\t\t\t\t<div class=\"elementor-testimonial-wrapper\">\n\t\t\t\t\t\t\t<div class=\"elementor-testimonial-content\">La salud mental y emocional es el equilibrio entre pensamientos, emociones y conductas que permite afrontar el estr\u00e9s, relacionarse positivamente y tomar decisiones saludables, favoreciendo bienestar integral y calidad de vida.<\/div>\n\t\t\t\n\t\t\t\t\t<\/div>\n\t\t\t\t\t\t<\/div>\n\t\t\t\t\t<\/div>\n\t\t<\/div>\n\t\t\t\t\t<\/div>\n\t\t<\/section>\n\t\t\t\t<\/div>\n\t\t","protected":false},"excerpt":{"rendered":"<p>Para Mayor Informaci\u00f3n Phone: +507-6304-0423 Correo: info@fsempanama.com \u00a0 \u00a0 \u00a0 Mi Salud Emocional es una feria de bienestar integral dise\u00f1ada para promover la salud mental y emocional en la comunidad paname\u00f1a. Esta iniciativa nace del compromiso \u00a0con proyectos que generan impacto aut\u00e9ntico, fomentan el desarrollo humano y fortalecen los v\u00ednculos sociales desde una perspectiva emp\u00e1tica, [&hellip;]<\/p>\n","protected":false},"author":1,"featured_media":0,"parent":0,"menu_order":0,"comment_status":"closed","ping_status":"closed","template":"","meta":{"footnotes":""},"class_list":["post-169","page","type-page","status-publish","hentry"],"_links":{"self":[{"href":"https:\/\/fsempanama.com\/index.php\/wp-json\/wp\/v2\/pages\/169","targetHints":{"allow":["GET"]}}],"collection":[{"href":"https:\/\/fsempanama.com\/index.php\/wp-json\/wp\/v2\/pages"}],"about":[{"href":"https:\/\/fsempanama.com\/index.php\/wp-json\/wp\/v2\/types\/page"}],"author":[{"embeddable":true,"href":"https:\/\/fsempanama.com\/index.php\/wp-json\/wp\/v2\/users\/1"}],"replies":[{"embeddable":true,"href":"https:\/\/fsempanama.com\/index.php\/wp-json\/wp\/v2\/comments?post=169"}],"version-history":[{"count":13,"href":"https:\/\/fsempanama.com\/index.php\/wp-json\/wp\/v2\/pages\/169\/revisions"}],"predecessor-version":[{"id":513,"href":"https:\/\/fsempanama.com\/index.php\/wp-json\/wp\/v2\/pages\/169\/revisions\/513"}],"wp:attachment":[{"href":"https:\/\/fsempanama.com\/index.php\/wp-json\/wp\/v2\/media?parent=169"}],"curies":[{"name":"wp","href":"https:\/\/api.w.org\/{rel}","templated":true}]}}