{"id":360,"date":"2025-09-11T23:40:31","date_gmt":"2025-09-11T21:40:31","guid":{"rendered":"https:\/\/fsempanama.com\/?page_id=360"},"modified":"2025-09-19T05:08:57","modified_gmt":"2025-09-19T03:08:57","slug":"programa","status":"publish","type":"page","link":"https:\/\/fsempanama.com\/index.php\/programa\/","title":{"rendered":"Programa de Talleres"},"content":{"rendered":"\t\t<div data-elementor-type=\"wp-page\" data-elementor-id=\"360\" class=\"elementor elementor-360\" data-elementor-post-type=\"page\">\n\t\t\t\t\t\t<section class=\"elementor-section elementor-top-section elementor-element elementor-element-6d365b2f elementor-section-height-min-height elementor-section-boxed elementor-section-height-default elementor-section-items-middle\" data-id=\"6d365b2f\" data-element_type=\"section\" data-settings=\"{&quot;background_background&quot;:&quot;classic&quot;,&quot;shape_divider_bottom&quot;:&quot;split&quot;,&quot;shape_divider_bottom_negative&quot;:&quot;yes&quot;}\">\n\t\t\t\t\t\t\t<div class=\"elementor-background-overlay\"><\/div>\n\t\t\t\t\t\t<div class=\"elementor-shape elementor-shape-bottom\" aria-hidden=\"true\" data-negative=\"true\">\n\t\t\t<svg xmlns=\"http:\/\/www.w3.org\/2000\/svg\" viewBox=\"0 0 1000 20\" preserveAspectRatio=\"none\">\n\t<path class=\"elementor-shape-fill\" d=\"M519.8,0.2c-11,0-19.8,8.5-19.8,19c0-10.4-8.8-19-19.8-19L0,0v20h1000V0.2H519.8z\"\/>\n<\/svg>\t\t<\/div>\n\t\t\t\t\t<div class=\"elementor-container elementor-column-gap-wider\">\n\t\t\t\t\t<div class=\"elementor-column elementor-col-100 elementor-top-column elementor-element elementor-element-5268760c\" data-id=\"5268760c\" data-element_type=\"column\">\n\t\t\t<div class=\"elementor-widget-wrap elementor-element-populated\">\n\t\t\t\t\t\t<div class=\"elementor-element elementor-element-66dc0ec6 elementor-invisible elementor-widget elementor-widget-heading\" data-id=\"66dc0ec6\" data-element_type=\"widget\" data-settings=\"{&quot;_animation&quot;:&quot;fadeInDown&quot;}\" data-widget_type=\"heading.default\">\n\t\t\t\t\t<h1 class=\"elementor-heading-title elementor-size-default\">PROGRAMA TALLERES<\/h1>\t\t\t\t<\/div>\n\t\t\t\t\t<\/div>\n\t\t<\/div>\n\t\t\t\t\t<\/div>\n\t\t<\/section>\n\t\t<div class=\"elementor-element elementor-element-cecd8af e-flex e-con-boxed e-con e-parent\" data-id=\"cecd8af\" data-element_type=\"container\">\n\t\t\t\t\t<div class=\"e-con-inner\">\n\t\t\t\t<div class=\"elementor-element elementor-element-418e584 elementor-widget elementor-widget-heading\" data-id=\"418e584\" data-element_type=\"widget\" data-widget_type=\"heading.default\">\n\t\t\t\t\t<h2 class=\"elementor-heading-title elementor-size-default\">PROGRAMA D\u00cdA S\u00c1BADO<\/h2>\t\t\t\t<\/div>\n\t\t\t\t\t<\/div>\n\t\t\t\t<\/div>\n\t\t<div class=\"elementor-element elementor-element-e791d4d e-flex e-con-boxed e-con e-parent\" data-id=\"e791d4d\" data-element_type=\"container\">\n\t\t\t\t\t<div class=\"e-con-inner\">\n\t\t\t\t<div class=\"elementor-element elementor-element-c1310b9 elementor-widget elementor-widget-image\" data-id=\"c1310b9\" data-element_type=\"widget\" data-widget_type=\"image.default\">\n\t\t\t\t\t\t\t\t\t\t\t\t\t\t\t<img fetchpriority=\"high\" decoding=\"async\" width=\"800\" height=\"1000\" src=\"https:\/\/fsempanama.com\/wp-content\/uploads\/2025\/09\/1-8-819x1024.png\" class=\"attachment-large size-large wp-image-550\" alt=\"\" srcset=\"https:\/\/fsempanama.com\/wp-content\/uploads\/2025\/09\/1-8-819x1024.png 819w, https:\/\/fsempanama.com\/wp-content\/uploads\/2025\/09\/1-8-240x300.png 240w, https:\/\/fsempanama.com\/wp-content\/uploads\/2025\/09\/1-8-768x960.png 768w, https:\/\/fsempanama.com\/wp-content\/uploads\/2025\/09\/1-8.png 1080w\" sizes=\"(max-width: 800px) 100vw, 800px\" \/>\t\t\t\t\t\t\t\t\t\t\t\t\t\t\t<\/div>\n\t\t\t\t\t<\/div>\n\t\t\t\t<\/div>\n\t\t<div class=\"elementor-element elementor-element-0a287cc e-flex e-con-boxed e-con e-parent\" data-id=\"0a287cc\" data-element_type=\"container\">\n\t\t\t\t\t<div class=\"e-con-inner\">\n\t\t\t\t<div class=\"elementor-element elementor-element-15cd075 elementor-widget elementor-widget-image\" data-id=\"15cd075\" data-element_type=\"widget\" data-widget_type=\"image.default\">\n\t\t\t\t\t\t\t\t\t\t\t\t\t\t\t<img decoding=\"async\" width=\"800\" height=\"1000\" src=\"https:\/\/fsempanama.com\/wp-content\/uploads\/2025\/09\/2-9-819x1024.png\" class=\"attachment-large size-large wp-image-551\" alt=\"\" srcset=\"https:\/\/fsempanama.com\/wp-content\/uploads\/2025\/09\/2-9-819x1024.png 819w, https:\/\/fsempanama.com\/wp-content\/uploads\/2025\/09\/2-9-240x300.png 240w, https:\/\/fsempanama.com\/wp-content\/uploads\/2025\/09\/2-9-768x960.png 768w, https:\/\/fsempanama.com\/wp-content\/uploads\/2025\/09\/2-9.png 1080w\" sizes=\"(max-width: 800px) 100vw, 800px\" \/>\t\t\t\t\t\t\t\t\t\t\t\t\t\t\t<\/div>\n\t\t\t\t\t<\/div>\n\t\t\t\t<\/div>\n\t\t<div class=\"elementor-element elementor-element-b6902d0 e-flex e-con-boxed e-con e-parent\" data-id=\"b6902d0\" data-element_type=\"container\">\n\t\t\t\t\t<div class=\"e-con-inner\">\n\t\t\t\t<div class=\"elementor-element elementor-element-dbbc81c elementor-widget elementor-widget-image\" data-id=\"dbbc81c\" data-element_type=\"widget\" data-widget_type=\"image.default\">\n\t\t\t\t\t\t\t\t\t\t\t\t\t\t\t<img decoding=\"async\" width=\"800\" height=\"1000\" src=\"https:\/\/fsempanama.com\/wp-content\/uploads\/2025\/09\/3-10-819x1024.png\" class=\"attachment-large size-large wp-image-552\" alt=\"\" srcset=\"https:\/\/fsempanama.com\/wp-content\/uploads\/2025\/09\/3-10-819x1024.png 819w, https:\/\/fsempanama.com\/wp-content\/uploads\/2025\/09\/3-10-240x300.png 240w, https:\/\/fsempanama.com\/wp-content\/uploads\/2025\/09\/3-10-768x960.png 768w, https:\/\/fsempanama.com\/wp-content\/uploads\/2025\/09\/3-10.png 1080w\" sizes=\"(max-width: 800px) 100vw, 800px\" \/>\t\t\t\t\t\t\t\t\t\t\t\t\t\t\t<\/div>\n\t\t\t\t\t<\/div>\n\t\t\t\t<\/div>\n\t\t<div class=\"elementor-element elementor-element-d30d4c5 e-flex e-con-boxed e-con e-parent\" data-id=\"d30d4c5\" data-element_type=\"container\">\n\t\t\t\t\t<div class=\"e-con-inner\">\n\t\t\t\t<div class=\"elementor-element elementor-element-bbb1489 elementor-widget elementor-widget-image\" data-id=\"bbb1489\" data-element_type=\"widget\" data-widget_type=\"image.default\">\n\t\t\t\t\t\t\t\t\t\t\t\t\t\t\t<img loading=\"lazy\" decoding=\"async\" width=\"800\" height=\"1000\" src=\"https:\/\/fsempanama.com\/wp-content\/uploads\/2025\/09\/4-8-819x1024.png\" class=\"attachment-large size-large wp-image-553\" alt=\"\" srcset=\"https:\/\/fsempanama.com\/wp-content\/uploads\/2025\/09\/4-8-819x1024.png 819w, https:\/\/fsempanama.com\/wp-content\/uploads\/2025\/09\/4-8-240x300.png 240w, https:\/\/fsempanama.com\/wp-content\/uploads\/2025\/09\/4-8-768x960.png 768w, https:\/\/fsempanama.com\/wp-content\/uploads\/2025\/09\/4-8.png 1080w\" sizes=\"(max-width: 800px) 100vw, 800px\" \/>\t\t\t\t\t\t\t\t\t\t\t\t\t\t\t<\/div>\n\t\t\t\t\t<\/div>\n\t\t\t\t<\/div>\n\t\t<div class=\"elementor-element elementor-element-f70f4b2 e-flex e-con-boxed e-con e-parent\" data-id=\"f70f4b2\" data-element_type=\"container\">\n\t\t\t\t\t<div class=\"e-con-inner\">\n\t\t\t\t<div class=\"elementor-element elementor-element-de8f06a elementor-widget elementor-widget-image\" data-id=\"de8f06a\" data-element_type=\"widget\" data-widget_type=\"image.default\">\n\t\t\t\t\t\t\t\t\t\t\t\t\t\t\t<img loading=\"lazy\" decoding=\"async\" width=\"800\" height=\"1000\" src=\"https:\/\/fsempanama.com\/wp-content\/uploads\/2025\/09\/5-7-819x1024.png\" class=\"attachment-large size-large wp-image-554\" alt=\"\" srcset=\"https:\/\/fsempanama.com\/wp-content\/uploads\/2025\/09\/5-7-819x1024.png 819w, https:\/\/fsempanama.com\/wp-content\/uploads\/2025\/09\/5-7-240x300.png 240w, https:\/\/fsempanama.com\/wp-content\/uploads\/2025\/09\/5-7-768x960.png 768w, https:\/\/fsempanama.com\/wp-content\/uploads\/2025\/09\/5-7.png 1080w\" sizes=\"(max-width: 800px) 100vw, 800px\" \/>\t\t\t\t\t\t\t\t\t\t\t\t\t\t\t<\/div>\n\t\t\t\t<div class=\"elementor-element elementor-element-21b2ec4 elementor-widget elementor-widget-heading\" data-id=\"21b2ec4\" data-element_type=\"widget\" data-widget_type=\"heading.default\">\n\t\t\t\t\t<h2 class=\"elementor-heading-title elementor-size-default\">PROGRAMA D\u00cdA DOMINGO<\/h2>\t\t\t\t<\/div>\n\t\t\t\t\t<\/div>\n\t\t\t\t<\/div>\n\t\t<div class=\"elementor-element elementor-element-107e714 e-flex e-con-boxed e-con e-parent\" data-id=\"107e714\" data-element_type=\"container\">\n\t\t\t\t\t<div class=\"e-con-inner\">\n\t\t\t\t<div class=\"elementor-element elementor-element-1e991c1 elementor-widget elementor-widget-image\" data-id=\"1e991c1\" data-element_type=\"widget\" data-widget_type=\"image.default\">\n\t\t\t\t\t\t\t\t\t\t\t\t\t\t\t<img loading=\"lazy\" decoding=\"async\" width=\"800\" height=\"1000\" src=\"https:\/\/fsempanama.com\/wp-content\/uploads\/2025\/09\/6-8-819x1024.png\" class=\"attachment-large size-large wp-image-555\" alt=\"\" srcset=\"https:\/\/fsempanama.com\/wp-content\/uploads\/2025\/09\/6-8-819x1024.png 819w, https:\/\/fsempanama.com\/wp-content\/uploads\/2025\/09\/6-8-240x300.png 240w, https:\/\/fsempanama.com\/wp-content\/uploads\/2025\/09\/6-8-768x960.png 768w, https:\/\/fsempanama.com\/wp-content\/uploads\/2025\/09\/6-8.png 1080w\" sizes=\"(max-width: 800px) 100vw, 800px\" \/>\t\t\t\t\t\t\t\t\t\t\t\t\t\t\t<\/div>\n\t\t\t\t\t<\/div>\n\t\t\t\t<\/div>\n\t\t<div class=\"elementor-element elementor-element-997453e e-flex e-con-boxed e-con e-parent\" data-id=\"997453e\" data-element_type=\"container\">\n\t\t\t\t\t<div class=\"e-con-inner\">\n\t\t\t\t<div class=\"elementor-element elementor-element-9f62a9c elementor-widget elementor-widget-image\" data-id=\"9f62a9c\" data-element_type=\"widget\" data-widget_type=\"image.default\">\n\t\t\t\t\t\t\t\t\t\t\t\t\t\t\t<img loading=\"lazy\" decoding=\"async\" width=\"800\" height=\"1000\" src=\"https:\/\/fsempanama.com\/wp-content\/uploads\/2025\/09\/7-5-819x1024.png\" class=\"attachment-large size-large wp-image-556\" alt=\"\" srcset=\"https:\/\/fsempanama.com\/wp-content\/uploads\/2025\/09\/7-5-819x1024.png 819w, https:\/\/fsempanama.com\/wp-content\/uploads\/2025\/09\/7-5-240x300.png 240w, https:\/\/fsempanama.com\/wp-content\/uploads\/2025\/09\/7-5-768x960.png 768w, https:\/\/fsempanama.com\/wp-content\/uploads\/2025\/09\/7-5.png 1080w\" sizes=\"(max-width: 800px) 100vw, 800px\" \/>\t\t\t\t\t\t\t\t\t\t\t\t\t\t\t<\/div>\n\t\t\t\t\t<\/div>\n\t\t\t\t<\/div>\n\t\t<div class=\"elementor-element elementor-element-e6aab83 e-flex e-con-boxed e-con e-parent\" data-id=\"e6aab83\" data-element_type=\"container\">\n\t\t\t\t\t<div class=\"e-con-inner\">\n\t\t\t\t<div class=\"elementor-element elementor-element-8994259 elementor-widget elementor-widget-image\" data-id=\"8994259\" data-element_type=\"widget\" data-widget_type=\"image.default\">\n\t\t\t\t\t\t\t\t\t\t\t\t\t\t\t<img loading=\"lazy\" decoding=\"async\" width=\"800\" height=\"1000\" src=\"https:\/\/fsempanama.com\/wp-content\/uploads\/2025\/09\/8-5-819x1024.png\" class=\"attachment-large size-large wp-image-557\" alt=\"\" srcset=\"https:\/\/fsempanama.com\/wp-content\/uploads\/2025\/09\/8-5-819x1024.png 819w, https:\/\/fsempanama.com\/wp-content\/uploads\/2025\/09\/8-5-240x300.png 240w, https:\/\/fsempanama.com\/wp-content\/uploads\/2025\/09\/8-5-768x960.png 768w, https:\/\/fsempanama.com\/wp-content\/uploads\/2025\/09\/8-5.png 1080w\" sizes=\"(max-width: 800px) 100vw, 800px\" \/>\t\t\t\t\t\t\t\t\t\t\t\t\t\t\t<\/div>\n\t\t\t\t\t<\/div>\n\t\t\t\t<\/div>\n\t\t<div class=\"elementor-element elementor-element-fb3cc5d e-flex e-con-boxed e-con e-parent\" data-id=\"fb3cc5d\" data-element_type=\"container\">\n\t\t\t\t\t<div class=\"e-con-inner\">\n\t\t\t\t<div class=\"elementor-element elementor-element-5b9b68e elementor-widget elementor-widget-image\" data-id=\"5b9b68e\" data-element_type=\"widget\" data-widget_type=\"image.default\">\n\t\t\t\t\t\t\t\t\t\t\t\t\t\t\t<img loading=\"lazy\" decoding=\"async\" width=\"800\" height=\"1000\" src=\"https:\/\/fsempanama.com\/wp-content\/uploads\/2025\/09\/9-5-819x1024.png\" class=\"attachment-large size-large wp-image-558\" alt=\"\" srcset=\"https:\/\/fsempanama.com\/wp-content\/uploads\/2025\/09\/9-5-819x1024.png 819w, https:\/\/fsempanama.com\/wp-content\/uploads\/2025\/09\/9-5-240x300.png 240w, https:\/\/fsempanama.com\/wp-content\/uploads\/2025\/09\/9-5-768x960.png 768w, https:\/\/fsempanama.com\/wp-content\/uploads\/2025\/09\/9-5.png 1080w\" sizes=\"(max-width: 800px) 100vw, 800px\" \/>\t\t\t\t\t\t\t\t\t\t\t\t\t\t\t<\/div>\n\t\t\t\t\t<\/div>\n\t\t\t\t<\/div>\n\t\t\t\t<\/div>\n\t\t","protected":false},"excerpt":{"rendered":"<p>PROGRAMA TALLERES PROGRAMA D\u00cdA S\u00c1BADO PROGRAMA D\u00cdA DOMINGO<\/p>\n","protected":false},"author":1,"featured_media":0,"parent":0,"menu_order":0,"comment_status":"closed","ping_status":"closed","template":"","meta":{"footnotes":""},"class_list":["post-360","page","type-page","status-publish","hentry"],"_links":{"self":[{"href":"https:\/\/fsempanama.com\/index.php\/wp-json\/wp\/v2\/pages\/360","targetHints":{"allow":["GET"]}}],"collection":[{"href":"https:\/\/fsempanama.com\/index.php\/wp-json\/wp\/v2\/pages"}],"about":[{"href":"https:\/\/fsempanama.com\/index.php\/wp-json\/wp\/v2\/types\/page"}],"author":[{"embeddable":true,"href":"https:\/\/fsempanama.com\/index.php\/wp-json\/wp\/v2\/users\/1"}],"replies":[{"embeddable":true,"href":"https:\/\/fsempanama.com\/index.php\/wp-json\/wp\/v2\/comments?post=360"}],"version-history":[{"count":23,"href":"https:\/\/fsempanama.com\/index.php\/wp-json\/wp\/v2\/pages\/360\/revisions"}],"predecessor-version":[{"id":564,"href":"https:\/\/fsempanama.com\/index.php\/wp-json\/wp\/v2\/pages\/360\/revisions\/564"}],"wp:attachment":[{"href":"https:\/\/fsempanama.com\/index.php\/wp-json\/wp\/v2\/media?parent=360"}],"curies":[{"name":"wp","href":"https:\/\/api.w.org\/{rel}","templated":true}]}}