{"id":394,"date":"2025-09-16T22:04:15","date_gmt":"2025-09-16T20:04:15","guid":{"rendered":"https:\/\/fsempanama.com\/?page_id=394"},"modified":"2025-09-19T05:15:23","modified_gmt":"2025-09-19T03:15:23","slug":"programa-de-tarima","status":"publish","type":"page","link":"https:\/\/fsempanama.com\/index.php\/programa-de-tarima\/","title":{"rendered":"Tarima Programa"},"content":{"rendered":"\t\t<div data-elementor-type=\"wp-page\" data-elementor-id=\"394\" class=\"elementor elementor-394\" data-elementor-post-type=\"page\">\n\t\t\t\t\t\t<section class=\"elementor-section elementor-top-section elementor-element elementor-element-20489eda elementor-section-height-min-height elementor-section-boxed elementor-section-height-default elementor-section-items-middle\" data-id=\"20489eda\" data-element_type=\"section\" data-settings=\"{&quot;background_background&quot;:&quot;classic&quot;,&quot;shape_divider_bottom&quot;:&quot;split&quot;,&quot;shape_divider_bottom_negative&quot;:&quot;yes&quot;}\">\n\t\t\t\t\t\t\t<div class=\"elementor-background-overlay\"><\/div>\n\t\t\t\t\t\t<div class=\"elementor-shape elementor-shape-bottom\" aria-hidden=\"true\" data-negative=\"true\">\n\t\t\t<svg xmlns=\"http:\/\/www.w3.org\/2000\/svg\" viewBox=\"0 0 1000 20\" preserveAspectRatio=\"none\">\n\t<path class=\"elementor-shape-fill\" d=\"M519.8,0.2c-11,0-19.8,8.5-19.8,19c0-10.4-8.8-19-19.8-19L0,0v20h1000V0.2H519.8z\"\/>\n<\/svg>\t\t<\/div>\n\t\t\t\t\t<div class=\"elementor-container elementor-column-gap-wider\">\n\t\t\t\t\t<div class=\"elementor-column elementor-col-100 elementor-top-column elementor-element elementor-element-2df0ea8f\" data-id=\"2df0ea8f\" data-element_type=\"column\">\n\t\t\t<div class=\"elementor-widget-wrap elementor-element-populated\">\n\t\t\t\t\t\t<div class=\"elementor-element elementor-element-6aa21168 elementor-invisible elementor-widget elementor-widget-heading\" data-id=\"6aa21168\" data-element_type=\"widget\" data-settings=\"{&quot;_animation&quot;:&quot;fadeInDown&quot;}\" data-widget_type=\"heading.default\">\n\t\t\t\t\t<h1 class=\"elementor-heading-title elementor-size-default\">Programa de Tarima<\/h1>\t\t\t\t<\/div>\n\t\t\t\t\t<\/div>\n\t\t<\/div>\n\t\t\t\t\t<\/div>\n\t\t<\/section>\n\t\t\t\t<section class=\"elementor-section elementor-top-section elementor-element elementor-element-1c5938f2 elementor-section-boxed elementor-section-height-default elementor-section-height-default\" data-id=\"1c5938f2\" data-element_type=\"section\" data-settings=\"{&quot;background_background&quot;:&quot;classic&quot;}\">\n\t\t\t\t\t\t<div class=\"elementor-container elementor-column-gap-wider\">\n\t\t\t\t\t<div class=\"elementor-column elementor-col-100 elementor-top-column elementor-element elementor-element-91de905\" data-id=\"91de905\" data-element_type=\"column\">\n\t\t\t<div class=\"elementor-widget-wrap elementor-element-populated\">\n\t\t\t\t\t\t<div class=\"elementor-element elementor-element-2d069af9 elementor-widget elementor-widget-heading\" data-id=\"2d069af9\" data-element_type=\"widget\" data-widget_type=\"heading.default\">\n\t\t\t\t\t<h2 class=\"elementor-heading-title elementor-size-default\">Programa del d\u00eda S\u00e1bado<\/h2>\t\t\t\t<\/div>\n\t\t\t\t\t<\/div>\n\t\t<\/div>\n\t\t\t\t\t<\/div>\n\t\t<\/section>\n\t\t<div class=\"elementor-element elementor-element-1c31ec5 e-flex e-con-boxed e-con e-parent\" data-id=\"1c31ec5\" data-element_type=\"container\">\n\t\t\t\t\t<div class=\"e-con-inner\">\n\t\t\t\t<div class=\"elementor-element elementor-element-b7442c9 elementor-widget elementor-widget-image\" data-id=\"b7442c9\" data-element_type=\"widget\" data-widget_type=\"image.default\">\n\t\t\t\t\t\t\t\t\t\t\t\t\t\t\t<img fetchpriority=\"high\" decoding=\"async\" width=\"800\" height=\"1000\" src=\"https:\/\/fsempanama.com\/wp-content\/uploads\/2025\/09\/1-9-819x1024.png\" class=\"attachment-large size-large wp-image-565\" alt=\"\" srcset=\"https:\/\/fsempanama.com\/wp-content\/uploads\/2025\/09\/1-9-819x1024.png 819w, https:\/\/fsempanama.com\/wp-content\/uploads\/2025\/09\/1-9-240x300.png 240w, https:\/\/fsempanama.com\/wp-content\/uploads\/2025\/09\/1-9-768x960.png 768w, https:\/\/fsempanama.com\/wp-content\/uploads\/2025\/09\/1-9.png 1080w\" sizes=\"(max-width: 800px) 100vw, 800px\" \/>\t\t\t\t\t\t\t\t\t\t\t\t\t\t\t<\/div>\n\t\t\t\t\t<\/div>\n\t\t\t\t<\/div>\n\t\t<div class=\"elementor-element elementor-element-a6200c1 e-flex e-con-boxed e-con e-parent\" data-id=\"a6200c1\" data-element_type=\"container\">\n\t\t\t\t\t<div class=\"e-con-inner\">\n\t\t\t\t<div class=\"elementor-element elementor-element-c224e1e elementor-widget elementor-widget-image\" data-id=\"c224e1e\" data-element_type=\"widget\" data-widget_type=\"image.default\">\n\t\t\t\t\t\t\t\t\t\t\t\t\t\t\t<img decoding=\"async\" width=\"800\" height=\"1000\" src=\"https:\/\/fsempanama.com\/wp-content\/uploads\/2025\/09\/2-10-819x1024.png\" class=\"attachment-large size-large wp-image-566\" alt=\"\" srcset=\"https:\/\/fsempanama.com\/wp-content\/uploads\/2025\/09\/2-10-819x1024.png 819w, https:\/\/fsempanama.com\/wp-content\/uploads\/2025\/09\/2-10-240x300.png 240w, https:\/\/fsempanama.com\/wp-content\/uploads\/2025\/09\/2-10-768x960.png 768w, https:\/\/fsempanama.com\/wp-content\/uploads\/2025\/09\/2-10.png 1080w\" sizes=\"(max-width: 800px) 100vw, 800px\" \/>\t\t\t\t\t\t\t\t\t\t\t\t\t\t\t<\/div>\n\t\t\t\t\t<\/div>\n\t\t\t\t<\/div>\n\t\t<div class=\"elementor-element elementor-element-6236c40 e-flex e-con-boxed e-con e-parent\" data-id=\"6236c40\" data-element_type=\"container\">\n\t\t\t\t\t<div class=\"e-con-inner\">\n\t\t\t\t<div class=\"elementor-element elementor-element-38d7674 elementor-widget elementor-widget-image\" data-id=\"38d7674\" data-element_type=\"widget\" data-widget_type=\"image.default\">\n\t\t\t\t\t\t\t\t\t\t\t\t\t\t\t<img decoding=\"async\" width=\"800\" height=\"1000\" src=\"https:\/\/fsempanama.com\/wp-content\/uploads\/2025\/09\/3-11-819x1024.png\" class=\"attachment-large size-large wp-image-567\" alt=\"\" srcset=\"https:\/\/fsempanama.com\/wp-content\/uploads\/2025\/09\/3-11-819x1024.png 819w, https:\/\/fsempanama.com\/wp-content\/uploads\/2025\/09\/3-11-240x300.png 240w, https:\/\/fsempanama.com\/wp-content\/uploads\/2025\/09\/3-11-768x960.png 768w, https:\/\/fsempanama.com\/wp-content\/uploads\/2025\/09\/3-11.png 1080w\" sizes=\"(max-width: 800px) 100vw, 800px\" \/>\t\t\t\t\t\t\t\t\t\t\t\t\t\t\t<\/div>\n\t\t\t\t\t<\/div>\n\t\t\t\t<\/div>\n\t\t<div class=\"elementor-element elementor-element-c009b4b e-flex e-con-boxed e-con e-parent\" data-id=\"c009b4b\" data-element_type=\"container\">\n\t\t\t\t\t<div class=\"e-con-inner\">\n\t\t\t\t<div class=\"elementor-element elementor-element-9daa56e elementor-widget elementor-widget-image\" data-id=\"9daa56e\" data-element_type=\"widget\" data-widget_type=\"image.default\">\n\t\t\t\t\t\t\t\t\t\t\t\t\t\t\t<img loading=\"lazy\" decoding=\"async\" width=\"800\" height=\"1000\" src=\"https:\/\/fsempanama.com\/wp-content\/uploads\/2025\/09\/4-9-819x1024.png\" class=\"attachment-large size-large wp-image-568\" alt=\"\" srcset=\"https:\/\/fsempanama.com\/wp-content\/uploads\/2025\/09\/4-9-819x1024.png 819w, https:\/\/fsempanama.com\/wp-content\/uploads\/2025\/09\/4-9-240x300.png 240w, https:\/\/fsempanama.com\/wp-content\/uploads\/2025\/09\/4-9-768x960.png 768w, https:\/\/fsempanama.com\/wp-content\/uploads\/2025\/09\/4-9.png 1080w\" sizes=\"(max-width: 800px) 100vw, 800px\" \/>\t\t\t\t\t\t\t\t\t\t\t\t\t\t\t<\/div>\n\t\t\t\t\t<\/div>\n\t\t\t\t<\/div>\n\t\t<div class=\"elementor-element elementor-element-df91151 e-flex e-con-boxed e-con e-parent\" data-id=\"df91151\" data-element_type=\"container\">\n\t\t\t\t\t<div class=\"e-con-inner\">\n\t\t\t\t<div class=\"elementor-element elementor-element-eb02dd4 elementor-widget elementor-widget-image\" data-id=\"eb02dd4\" data-element_type=\"widget\" data-widget_type=\"image.default\">\n\t\t\t\t\t\t\t\t\t\t\t\t\t\t\t<img loading=\"lazy\" decoding=\"async\" width=\"800\" height=\"1000\" src=\"https:\/\/fsempanama.com\/wp-content\/uploads\/2025\/09\/5-8-819x1024.png\" class=\"attachment-large size-large wp-image-569\" alt=\"\" srcset=\"https:\/\/fsempanama.com\/wp-content\/uploads\/2025\/09\/5-8-819x1024.png 819w, https:\/\/fsempanama.com\/wp-content\/uploads\/2025\/09\/5-8-240x300.png 240w, https:\/\/fsempanama.com\/wp-content\/uploads\/2025\/09\/5-8-768x960.png 768w, https:\/\/fsempanama.com\/wp-content\/uploads\/2025\/09\/5-8.png 1080w\" sizes=\"(max-width: 800px) 100vw, 800px\" \/>\t\t\t\t\t\t\t\t\t\t\t\t\t\t\t<\/div>\n\t\t\t\t\t<\/div>\n\t\t\t\t<\/div>\n\t\t\t\t<section class=\"elementor-section elementor-top-section elementor-element elementor-element-14ec3225 elementor-section-boxed elementor-section-height-default elementor-section-height-default\" data-id=\"14ec3225\" data-element_type=\"section\" data-settings=\"{&quot;background_background&quot;:&quot;classic&quot;}\">\n\t\t\t\t\t\t<div class=\"elementor-container elementor-column-gap-wider\">\n\t\t\t\t\t<div class=\"elementor-column elementor-col-100 elementor-top-column elementor-element elementor-element-750c1681\" data-id=\"750c1681\" data-element_type=\"column\">\n\t\t\t<div class=\"elementor-widget-wrap elementor-element-populated\">\n\t\t\t\t\t\t<div class=\"elementor-element elementor-element-53832812 elementor-widget elementor-widget-heading\" data-id=\"53832812\" data-element_type=\"widget\" data-widget_type=\"heading.default\">\n\t\t\t\t\t<h2 class=\"elementor-heading-title elementor-size-default\">Programa del D\u00eda Domingo<\/h2>\t\t\t\t<\/div>\n\t\t\t\t\t<\/div>\n\t\t<\/div>\n\t\t\t\t\t<\/div>\n\t\t<\/section>\n\t\t<div class=\"elementor-element elementor-element-8992883 e-flex e-con-boxed e-con e-parent\" data-id=\"8992883\" data-element_type=\"container\">\n\t\t\t\t\t<div class=\"e-con-inner\">\n\t\t\t\t<div class=\"elementor-element elementor-element-cf07acb elementor-widget elementor-widget-image\" data-id=\"cf07acb\" data-element_type=\"widget\" data-widget_type=\"image.default\">\n\t\t\t\t\t\t\t\t\t\t\t\t\t\t\t<img loading=\"lazy\" decoding=\"async\" width=\"800\" height=\"1000\" src=\"https:\/\/fsempanama.com\/wp-content\/uploads\/2025\/09\/6-9-819x1024.png\" class=\"attachment-large size-large wp-image-570\" alt=\"\" srcset=\"https:\/\/fsempanama.com\/wp-content\/uploads\/2025\/09\/6-9-819x1024.png 819w, https:\/\/fsempanama.com\/wp-content\/uploads\/2025\/09\/6-9-240x300.png 240w, https:\/\/fsempanama.com\/wp-content\/uploads\/2025\/09\/6-9-768x960.png 768w, https:\/\/fsempanama.com\/wp-content\/uploads\/2025\/09\/6-9.png 1080w\" sizes=\"(max-width: 800px) 100vw, 800px\" \/>\t\t\t\t\t\t\t\t\t\t\t\t\t\t\t<\/div>\n\t\t\t\t\t<\/div>\n\t\t\t\t<\/div>\n\t\t<div class=\"elementor-element elementor-element-682dd0d e-flex e-con-boxed e-con e-parent\" data-id=\"682dd0d\" data-element_type=\"container\">\n\t\t\t\t\t<div class=\"e-con-inner\">\n\t\t\t\t<div class=\"elementor-element elementor-element-f74df5b elementor-widget elementor-widget-image\" data-id=\"f74df5b\" data-element_type=\"widget\" data-widget_type=\"image.default\">\n\t\t\t\t\t\t\t\t\t\t\t\t\t\t\t<img loading=\"lazy\" decoding=\"async\" width=\"800\" height=\"1000\" src=\"https:\/\/fsempanama.com\/wp-content\/uploads\/2025\/09\/7-6-819x1024.png\" class=\"attachment-large size-large wp-image-571\" alt=\"\" srcset=\"https:\/\/fsempanama.com\/wp-content\/uploads\/2025\/09\/7-6-819x1024.png 819w, https:\/\/fsempanama.com\/wp-content\/uploads\/2025\/09\/7-6-240x300.png 240w, https:\/\/fsempanama.com\/wp-content\/uploads\/2025\/09\/7-6-768x960.png 768w, https:\/\/fsempanama.com\/wp-content\/uploads\/2025\/09\/7-6.png 1080w\" sizes=\"(max-width: 800px) 100vw, 800px\" \/>\t\t\t\t\t\t\t\t\t\t\t\t\t\t\t<\/div>\n\t\t\t\t\t<\/div>\n\t\t\t\t<\/div>\n\t\t<div class=\"elementor-element elementor-element-3114906 e-flex e-con-boxed e-con e-parent\" data-id=\"3114906\" data-element_type=\"container\">\n\t\t\t\t\t<div class=\"e-con-inner\">\n\t\t\t\t<div class=\"elementor-element elementor-element-79d86b4 elementor-widget elementor-widget-image\" data-id=\"79d86b4\" data-element_type=\"widget\" data-widget_type=\"image.default\">\n\t\t\t\t\t\t\t\t\t\t\t\t\t\t\t<img loading=\"lazy\" decoding=\"async\" width=\"800\" height=\"1000\" src=\"https:\/\/fsempanama.com\/wp-content\/uploads\/2025\/09\/8-6-819x1024.png\" class=\"attachment-large size-large wp-image-572\" alt=\"\" srcset=\"https:\/\/fsempanama.com\/wp-content\/uploads\/2025\/09\/8-6-819x1024.png 819w, https:\/\/fsempanama.com\/wp-content\/uploads\/2025\/09\/8-6-240x300.png 240w, https:\/\/fsempanama.com\/wp-content\/uploads\/2025\/09\/8-6-768x960.png 768w, https:\/\/fsempanama.com\/wp-content\/uploads\/2025\/09\/8-6.png 1080w\" sizes=\"(max-width: 800px) 100vw, 800px\" \/>\t\t\t\t\t\t\t\t\t\t\t\t\t\t\t<\/div>\n\t\t\t\t\t<\/div>\n\t\t\t\t<\/div>\n\t\t\t\t<\/div>\n\t\t","protected":false},"excerpt":{"rendered":"<p>Programa de Tarima Programa del d\u00eda S\u00e1bado Programa del D\u00eda Domingo<\/p>\n","protected":false},"author":1,"featured_media":0,"parent":0,"menu_order":0,"comment_status":"closed","ping_status":"closed","template":"","meta":{"footnotes":""},"class_list":["post-394","page","type-page","status-publish","hentry"],"_links":{"self":[{"href":"https:\/\/fsempanama.com\/index.php\/wp-json\/wp\/v2\/pages\/394","targetHints":{"allow":["GET"]}}],"collection":[{"href":"https:\/\/fsempanama.com\/index.php\/wp-json\/wp\/v2\/pages"}],"about":[{"href":"https:\/\/fsempanama.com\/index.php\/wp-json\/wp\/v2\/types\/page"}],"author":[{"embeddable":true,"href":"https:\/\/fsempanama.com\/index.php\/wp-json\/wp\/v2\/users\/1"}],"replies":[{"embeddable":true,"href":"https:\/\/fsempanama.com\/index.php\/wp-json\/wp\/v2\/comments?post=394"}],"version-history":[{"count":14,"href":"https:\/\/fsempanama.com\/index.php\/wp-json\/wp\/v2\/pages\/394\/revisions"}],"predecessor-version":[{"id":576,"href":"https:\/\/fsempanama.com\/index.php\/wp-json\/wp\/v2\/pages\/394\/revisions\/576"}],"wp:attachment":[{"href":"https:\/\/fsempanama.com\/index.php\/wp-json\/wp\/v2\/media?parent=394"}],"curies":[{"name":"wp","href":"https:\/\/api.w.org\/{rel}","templated":true}]}}